{"id":4033,"date":"2021-02-22T08:43:14","date_gmt":"2021-02-22T07:43:14","guid":{"rendered":"https:\/\/lorit-consultancy.com?page_id=4033"},"modified":"2021-03-09T11:51:53","modified_gmt":"2021-03-09T10:51:53","slug":"stornobedingungen","status":"publish","type":"page","link":"https:\/\/lorit-consultancy.com\/de\/stornobedingungen\/","title":{"rendered":"Stornobedingungen"},"content":{"rendered":"\n<p>Die Rechnungen werden vor dem Kursstart versandt.<\/p>\n\n\n\n<p>F\u00fcr den Fall, dass Sie den Kurs nicht besuchen k\u00f6nnen, k\u00f6nnen Sie Ihren Kursplatz gerne an eine andere Person weitergeben. Bitte informieren Sie Lorit Consultancy vor dem Kurs \u00fcber diese \u00c4nderung.<\/p>\n\n\n\n<p>Falls Sie Ihre Buchung stornieren m\u00fcssen, teilen Sie uns dies bitte schriftlich mit.<\/p>\n\n\n\n<p>Bei einer Stornierung fallen folgende Stornogeb\u00fchren an:<\/p>\n\n\n\n<ul class=\"wp-block-list\"><li>4 Wochen oder weniger vor Kursbeginn: 35% der Kursgeb\u00fchr (es sei denn, wir finden einen Ersatztermin innerhalb der n\u00e4chsten 6 Monate)<\/li><li>Innerhalb von 2 Wochen vor dem Kurstermin: 50 % der Geb\u00fchr (es sei denn, wir finden einen Ersatztermin innerhalb der n\u00e4chsten 6 Monate)<\/li><li>Innerhalb von 7 Tagen vor dem Kursdatum: 100% der Geb\u00fchr<\/li><\/ul>\n","protected":false},"excerpt":{"rendered":"<p>Die Rechnungen werden vor dem Kursstart versandt. F\u00fcr den Fall, dass Sie den Kurs nicht besuchen k\u00f6nnen, k\u00f6nnen Sie Ihren Kursplatz gerne an eine andere Person weitergeben. Bitte informieren Sie Lorit Consultancy vor dem Kurs \u00fcber diese \u00c4nderung. Falls Sie Ihre Buchung stornieren m\u00fcssen, teilen Sie uns dies bitte schriftlich mit. Bei einer Stornierung fallen [&hellip;]<\/p>\n","protected":false},"author":1,"featured_media":0,"parent":0,"menu_order":0,"comment_status":"closed","ping_status":"closed","template":"","meta":{"_acf_changed":false,"footnotes":""},"class_list":["post-4033","page","type-page","status-publish","hentry"],"acf":[],"_links":{"self":[{"href":"https:\/\/lorit-consultancy.com\/de\/wp-json\/wp\/v2\/pages\/4033","targetHints":{"allow":["GET"]}}],"collection":[{"href":"https:\/\/lorit-consultancy.com\/de\/wp-json\/wp\/v2\/pages"}],"about":[{"href":"https:\/\/lorit-consultancy.com\/de\/wp-json\/wp\/v2\/types\/page"}],"author":[{"embeddable":true,"href":"https:\/\/lorit-consultancy.com\/de\/wp-json\/wp\/v2\/users\/1"}],"replies":[{"embeddable":true,"href":"https:\/\/lorit-consultancy.com\/de\/wp-json\/wp\/v2\/comments?post=4033"}],"version-history":[{"count":6,"href":"https:\/\/lorit-consultancy.com\/de\/wp-json\/wp\/v2\/pages\/4033\/revisions"}],"predecessor-version":[{"id":5062,"href":"https:\/\/lorit-consultancy.com\/de\/wp-json\/wp\/v2\/pages\/4033\/revisions\/5062"}],"wp:attachment":[{"href":"https:\/\/lorit-consultancy.com\/de\/wp-json\/wp\/v2\/media?parent=4033"}],"curies":[{"name":"wp","href":"https:\/\/api.w.org\/{rel}","templated":true}]}}