{"id":13,"date":"2021-01-04T15:16:17","date_gmt":"2021-01-04T14:16:17","guid":{"rendered":"https:\/\/lorit-consultancy.com\/?page_id=13"},"modified":"2023-06-07T09:12:47","modified_gmt":"2023-06-07T07:12:47","slug":"impressum","status":"publish","type":"page","link":"https:\/\/lorit-consultancy.com\/de\/impressum\/","title":{"rendered":"Impressum"},"content":{"rendered":"\n<p><strong>Lorit Consultancy GmbH<\/strong><br>Gesellschaft mit beschr\u00e4nkter Haftung<\/p>\n\n\n\n<p><strong>Unternehmensberatung<\/strong><\/p>\n\n\n\n<p>UID-Nummer: ATU73780358<br>Firmenbuchnummer: 501036v<br>Firmenbuchgericht: Landesgericht Salzburg<br>Firmensitz: Siezenheimer Str. 35, 5020 Salzburg, Austria<\/p>\n\n\n\n<p><strong>Kontaktdaten<\/strong><\/p>\n\n\n\n<p>Tel: +43 676 338 8884<br>E-Mail: info@lorit-consultancy.com<\/p>\n\n\n\n<p>Mitglied der WKO<br>Gewerbeordnung: <a href=\"http:\/\/www.ris.bka.gv.at\">www.ris.bka.gv.at<\/a><br>Bezirkshauptmannschaft Salzburg<br>Berufsbezeichnung: Unternehmensberatung<\/p>\n\n\n\n<p>Gesch\u00e4ftsf\u00fchrer: Alastair Walker<br>Beteiligungsverh\u00e4ltnisse: Alastair Walker (100%)<br>Blattlinie: Informationen \u00fcber Automobil und Medizintechnik Branche<\/p>\n\n\n\n<p><\/p>\n\n\n\n<p><strong>Lorit Consultancy Ltd.<\/strong><\/p>\n\n\n\n<p>Registration number: SC 472595<br>VAT No.: 186 0544 96<\/p>\n\n\n\n<p>Firmensitz: 1 Craigathie Road Roslin Midlothian \/ Scotland EH25 9BG<br><br><strong>Kontaktdaten:<\/strong><\/p>\n\n\n\n<p>Tel: +44 7708 360023<br>E-Mail: info@lorit-consultancy.com<\/p>\n\n\n\n<p><\/p>\n\n\n\n<p><strong>Website Gestaltung:<\/strong><br>ARTINA graphic &amp; design<br><a rel=\"noreferrer noopener\" href=\"https:\/\/www.artina-design.at\/\" target=\"_blank\">www.artina-design.at\/<\/a><\/p>\n\n\n\n<p><strong>Website Umsetzung:<\/strong><br>typo-wimmer<br><a rel=\"noreferrer noopener\" href=\"https:\/\/www.typo-wimmer.at\/\" target=\"_blank\">www.typo-wimmer.at<\/a><\/p>\n\n\n\n<p><strong>Fotohinweise:<\/strong><br>\u00a9 2020 Adobe. All rights reserved.<br>\u00a9 2020 Alexandra GR\u00d6BNER I FOTOGRAFIN MONDSEE<\/p>\n","protected":false},"excerpt":{"rendered":"<p>Lorit Consultancy GmbHGesellschaft mit beschr\u00e4nkter Haftung Unternehmensberatung UID-Nummer: ATU73780358Firmenbuchnummer: 501036vFirmenbuchgericht: Landesgericht SalzburgFirmensitz: Siezenheimer Str. 35, 5020 Salzburg, Austria Kontaktdaten Tel: +43 676 338 8884E-Mail: info@lorit-consultancy.com Mitglied der WKOGewerbeordnung: www.ris.bka.gv.atBezirkshauptmannschaft SalzburgBerufsbezeichnung: Unternehmensberatung Gesch\u00e4ftsf\u00fchrer: Alastair WalkerBeteiligungsverh\u00e4ltnisse: Alastair Walker (100%)Blattlinie: Informationen \u00fcber Automobil und Medizintechnik Branche Lorit Consultancy Ltd. Registration number: SC 472595VAT No.: 186 0544 96 Firmensitz: [&hellip;]<\/p>\n","protected":false},"author":1,"featured_media":0,"parent":0,"menu_order":1000,"comment_status":"closed","ping_status":"closed","template":"","meta":{"_acf_changed":false,"footnotes":""},"class_list":["post-13","page","type-page","status-publish","hentry"],"acf":[],"_links":{"self":[{"href":"https:\/\/lorit-consultancy.com\/de\/wp-json\/wp\/v2\/pages\/13","targetHints":{"allow":["GET"]}}],"collection":[{"href":"https:\/\/lorit-consultancy.com\/de\/wp-json\/wp\/v2\/pages"}],"about":[{"href":"https:\/\/lorit-consultancy.com\/de\/wp-json\/wp\/v2\/types\/page"}],"author":[{"embeddable":true,"href":"https:\/\/lorit-consultancy.com\/de\/wp-json\/wp\/v2\/users\/1"}],"replies":[{"embeddable":true,"href":"https:\/\/lorit-consultancy.com\/de\/wp-json\/wp\/v2\/comments?post=13"}],"version-history":[{"count":8,"href":"https:\/\/lorit-consultancy.com\/de\/wp-json\/wp\/v2\/pages\/13\/revisions"}],"predecessor-version":[{"id":6803,"href":"https:\/\/lorit-consultancy.com\/de\/wp-json\/wp\/v2\/pages\/13\/revisions\/6803"}],"wp:attachment":[{"href":"https:\/\/lorit-consultancy.com\/de\/wp-json\/wp\/v2\/media?parent=13"}],"curies":[{"name":"wp","href":"https:\/\/api.w.org\/{rel}","templated":true}]}}